{"id":21,"date":"2017-01-09T18:18:45","date_gmt":"2017-01-09T17:18:45","guid":{"rendered":"http:\/\/le-rohan.fr\/cinewp3\/?page_id=21"},"modified":"2017-01-09T18:53:14","modified_gmt":"2017-01-09T17:53:14","slug":"le-cinema","status":"publish","type":"page","link":"http:\/\/le-rohan.fr\/cinewp3\/le-cinema\/","title":{"rendered":"le cin\u00e9ma"},"content":{"rendered":"<h2><strong>Les Caract\u00e9ristiques<\/strong><\/h2>\n<div id=\"content\">\n<div class=\"box\">\n<div class=\"border-right\">\n<div class=\"border-left\">\n<div class=\"inner\">\n<p>Nombre de salles : 2<\/p>\n<p>Nombre de fauteuils : 436<\/p>\n<p>\u00e9quipement en num\u00e9rique et en 3D dans les deux salles<\/p>\n<p>Comptoir confiserie : Oui<\/p>\n<p>Acc\u00e8s aux personnes \u00e0 mobilit\u00e9 r\u00e9duite : Oui<\/p>\n<h3><\/h3>\n<h2><strong>Plan d&rsquo;acc\u00e8s<\/strong><\/h2>\n<p><center><br \/>\n<iframe loading=\"lazy\" src=\"http:\/\/maps.google.fr\/maps?f=q&amp;source=s_q&amp;hl=fr&amp;geocode=&amp;q=55,+RUE+DE+LA+FONTAINE+BLANCHE+-+29800+LANDERNEAU&amp;sll=48.449994,-4.249047&amp;sspn=0.015485,0.042272&amp;ie=UTF8&amp;hq=&amp;hnear=55+Rue+de+la+Fontaine+Blanche,+29800+Landerneau,+Finist%C3%A8re,+Bretagne&amp;ll=48.456189,-4.252996&amp;spn=0.027323,0.054932&amp;z=14&amp;iwloc=A&amp;output=embed\" width=\"640\" height=\"480\" frameborder=\"0\" marginwidth=\"0\" marginheight=\"0\" scrolling=\"no\"><\/iframe><br \/>\n<small><a style=\"color: #ffffff; text-align: left;\" href=\"http:\/\/maps.google.fr\/maps?f=q&amp;source=embed&amp;hl=fr&amp;geocode=&amp;q=55,+RUE+DE+LA+FONTAINE+BLANCHE+-+29800+LANDERNEAU&amp;sll=48.449994,-4.249047&amp;sspn=0.015485,0.042272&amp;ie=UTF8&amp;hq=&amp;hnear=55+Rue+de+la+Fontaine+Blanche,+29800+Landerneau,+Finist%C3%A8re,+Bretagne&amp;ll=48.456189,-4.252996&amp;spn=0.027323,0.054932&amp;z=14&amp;iwloc=A\">Agrandir le plan<\/a><\/small><\/center><\/p>\n<h2><\/h2>\n<h2><strong>L&rsquo; historique<\/strong><\/h2>\n<p>Le cin\u00e9ma existe depuis 1963, en association d&rsquo;abord puis en 1976, le cin\u00e9ma devient une SARL.<\/p>\n<p>En 1981, cr\u00e9ation de la deuxi\u00e8me salle.<\/p>\n<p>R\u00e9novation du hall en 1996 et des deux salles en 2001.<\/p>\n<p>Installation de projecteurs num\u00e9riques 3D en 2009.<\/p>\n<\/div>\n<\/div>\n<\/div>\n<\/div>\n<\/div>\n","protected":false},"excerpt":{"rendered":"<p>Les Caract\u00e9ristiques Nombre de salles : 2 Nombre de fauteuils : 436 \u00e9quipement en num\u00e9rique et en 3D dans les deux salles Comptoir confiserie : Oui Acc\u00e8s aux personnes \u00e0 mobilit\u00e9 r\u00e9duite : Oui Plan d&rsquo;acc\u00e8s Agrandir le plan L&rsquo; historique Le cin\u00e9ma existe depuis 1963, en association d&rsquo;abord puis \u2026 <a class=\"continue-reading-link\" href=\"http:\/\/le-rohan.fr\/cinewp3\/le-cinema\/\"> Continue reading <span class=\"meta-nav\">&rarr; <\/span><\/a><\/p>\n","protected":false},"author":1,"featured_media":0,"parent":0,"menu_order":0,"comment_status":"closed","ping_status":"closed","template":"","meta":{"footnotes":""},"class_list":["post-21","page","type-page","status-publish","hentry"],"_links":{"self":[{"href":"http:\/\/le-rohan.fr\/cinewp3\/wp-json\/wp\/v2\/pages\/21","targetHints":{"allow":["GET"]}}],"collection":[{"href":"http:\/\/le-rohan.fr\/cinewp3\/wp-json\/wp\/v2\/pages"}],"about":[{"href":"http:\/\/le-rohan.fr\/cinewp3\/wp-json\/wp\/v2\/types\/page"}],"author":[{"embeddable":true,"href":"http:\/\/le-rohan.fr\/cinewp3\/wp-json\/wp\/v2\/users\/1"}],"replies":[{"embeddable":true,"href":"http:\/\/le-rohan.fr\/cinewp3\/wp-json\/wp\/v2\/comments?post=21"}],"version-history":[{"count":5,"href":"http:\/\/le-rohan.fr\/cinewp3\/wp-json\/wp\/v2\/pages\/21\/revisions"}],"predecessor-version":[{"id":31,"href":"http:\/\/le-rohan.fr\/cinewp3\/wp-json\/wp\/v2\/pages\/21\/revisions\/31"}],"wp:attachment":[{"href":"http:\/\/le-rohan.fr\/cinewp3\/wp-json\/wp\/v2\/media?parent=21"}],"curies":[{"name":"wp","href":"https:\/\/api.w.org\/{rel}","templated":true}]}}