{"id":36,"date":"2017-01-09T18:40:30","date_gmt":"2017-01-09T17:40:30","guid":{"rendered":"http:\/\/le-rohan.fr\/cinewp3\/?page_id=36"},"modified":"2024-01-27T18:06:21","modified_gmt":"2024-01-27T17:06:21","slug":"les-tarifs","status":"publish","type":"page","link":"http:\/\/le-rohan.fr\/cinewp3\/les-tarifs\/","title":{"rendered":"les tarifs"},"content":{"rendered":"\n<p>Les places, pour la semaine cin\u00e9matographique (du mercredi au mardi), sont \u00e0 prendre au guichet aux heures d&rsquo;ouverture 1\/2 h avant et apr\u00e8s l&rsquo;heure des s\u00e9ances.<\/p>\n\n\n\n<div id=\"content\">\n<div class=\"box\">\n<div class=\"border-right\">\n<div class=\"border-left\">\n<div class=\"inner\">\n<h2><strong>Tarif Normal<\/strong><\/h2>\n<p>Le billet : 9,00 \u20ac<\/p>\n<h2><strong>Tarif Reduit<\/strong><\/h2>\n<p>Pour b\u00e9n\u00e9ficier d&rsquo;une r\u00e9duction, un justificatif est obligatoire<\/p>\n<p>Tarif r\u00e9duit les +14 ans et -26ans : 7,50 \u20ac<br>Tarif jeune -14 ans : 5,50 \u20ac<\/p>\n<h2><strong>Abonnement<\/strong><\/h2>\n<p>Pour 10 places : 65 \u20ac<\/p>\n<p>10 PLACES + 5euros (frais de gestion au 1er achat de la carte)<\/p>\n<\/div>\n<\/div>\n<\/div>\n<\/div>\n<\/div>\n","protected":false},"excerpt":{"rendered":"<p>Les places, pour la semaine cin\u00e9matographique (du mercredi au mardi), sont \u00e0 prendre au guichet aux heures d&rsquo;ouverture 1\/2 h avant et apr\u00e8s l&rsquo;heure des s\u00e9ances. Tarif Normal Le billet : 9,00 \u20ac Tarif Reduit Pour b\u00e9n\u00e9ficier d&rsquo;une r\u00e9duction, un justificatif est obligatoire Tarif r\u00e9duit les +14 ans et -26ans \u2026 <a class=\"continue-reading-link\" href=\"http:\/\/le-rohan.fr\/cinewp3\/les-tarifs\/\"> Continue reading <span class=\"meta-nav\">&rarr; <\/span><\/a><\/p>\n","protected":false},"author":1,"featured_media":0,"parent":0,"menu_order":0,"comment_status":"closed","ping_status":"closed","template":"","meta":{"footnotes":""},"class_list":["post-36","page","type-page","status-publish","hentry"],"_links":{"self":[{"href":"http:\/\/le-rohan.fr\/cinewp3\/wp-json\/wp\/v2\/pages\/36","targetHints":{"allow":["GET"]}}],"collection":[{"href":"http:\/\/le-rohan.fr\/cinewp3\/wp-json\/wp\/v2\/pages"}],"about":[{"href":"http:\/\/le-rohan.fr\/cinewp3\/wp-json\/wp\/v2\/types\/page"}],"author":[{"embeddable":true,"href":"http:\/\/le-rohan.fr\/cinewp3\/wp-json\/wp\/v2\/users\/1"}],"replies":[{"embeddable":true,"href":"http:\/\/le-rohan.fr\/cinewp3\/wp-json\/wp\/v2\/comments?post=36"}],"version-history":[{"count":12,"href":"http:\/\/le-rohan.fr\/cinewp3\/wp-json\/wp\/v2\/pages\/36\/revisions"}],"predecessor-version":[{"id":1992,"href":"http:\/\/le-rohan.fr\/cinewp3\/wp-json\/wp\/v2\/pages\/36\/revisions\/1992"}],"wp:attachment":[{"href":"http:\/\/le-rohan.fr\/cinewp3\/wp-json\/wp\/v2\/media?parent=36"}],"curies":[{"name":"wp","href":"https:\/\/api.w.org\/{rel}","templated":true}]}}